{"id":37,"date":"2025-12-12T12:41:31","date_gmt":"2025-12-12T12:41:31","guid":{"rendered":"https:\/\/valuing-nature.eu\/greenfuture\/?page_id=37"},"modified":"2026-03-13T09:48:23","modified_gmt":"2026-03-13T09:48:23","slug":"pametno-pdp","status":"publish","type":"page","link":"https:\/\/valuing-nature.eu\/greenfuture\/pametno-pdp\/","title":{"rendered":"Ecobot Gea"},"content":{"rendered":"\n<p><\/p>\n\n\n\n<script>\n(function(I,n,f,o,b,i,p){\nI[b]=I[b]||function(){(I[b].q=I[b].q||[]).push(arguments)};\nI[b].t=1*new Date();i=n.createElement(f);i.async=1;i.src=o;\np=n.getElementsByTagName(f)[0];p.parentNode.insertBefore(i,p)})\n(window,document,'script','https:\/\/livechat.infobip.com\/widget.js','liveChat');\n\nliveChat('init', '5a993edb-ae06-444b-b41a-f2d2fcd8f722');\n<\/script>\n\n\n\n<p><strong>Ecobot Gea <\/strong>je pametno digitalno rje\u0161enje koje je osmislio i razvio tim  u\u010denika uklju\u010denih u fakultativnu nastavu informatike, u sklopu projekta \u0160kola budu\u0107nosti, s ciljem podizanja svijesti o va\u017enosti zelene budu\u0107nosti, odr\u017eivog razvoja i odgovornog kori\u0161tenja resursa.<\/p>\n\n\n\n<p>Kroz rad na Ecobotu u\u010denici su istra\u017eivali klju\u010dne izazove odr\u017eivog razvoja te osmislili bota koji korisnicima pru\u017ea informacije, savjete i primjere dobre prakse vezane uz zelenu energiju, o\u010duvanje okoli\u0161a i ekolo\u0161ki prihvatljive navike. Ecobot poti\u010de korisnike na razmi\u0161ljanje o vlastitim postupcima i pokazuje kako male svakodnevne promjene mogu imati veliki utjecaj na budu\u0107nost planeta.<\/p>\n\n\n\n<p>Rad u timu omogu\u0107io je u\u010denicima razvoj digitalnih, komunikacijskih i ekolo\u0161kih kompetencija, a sam projekt predstavlja spoj tehnologije i odgovornosti prema okoli\u0161u.  Na\u0161 ecobot simbolizira prvi korak prema odr\u017eivoj budu\u0107nosti u kojoj tehnologija slu\u017ei kao alat za edukaciju, osvje\u0161tavanje i pozitivne promjene.<\/p>\n\n\n\n<p><strong>Poziv korisnicima:<\/strong><br>Pozivamo sve da  isprobaju  Geu, postave joj pitanja i kroz interakciju otkriju kako i sami mogu doprinijeti zelenijoj i odr\u017eivijoj budu\u0107nosti.<\/p>\n\n\n\n\n\n<figure class=\"wp-block-image aligncenter size-large is-resized\"><img loading=\"lazy\" decoding=\"async\" width=\"683\" height=\"1024\" src=\"https:\/\/valuing-nature.eu\/greenfuture\/wp-content\/uploads\/2026\/03\/gea-683x1024.png\" alt=\"\" class=\"wp-image-224\" style=\"aspect-ratio:3\/4;object-fit:cover;width:400px\" srcset=\"https:\/\/valuing-nature.eu\/greenfuture\/wp-content\/uploads\/2026\/03\/gea-683x1024.png 683w, https:\/\/valuing-nature.eu\/greenfuture\/wp-content\/uploads\/2026\/03\/gea-200x300.png 200w, https:\/\/valuing-nature.eu\/greenfuture\/wp-content\/uploads\/2026\/03\/gea-768x1152.png 768w, https:\/\/valuing-nature.eu\/greenfuture\/wp-content\/uploads\/2026\/03\/gea.png 1024w\" sizes=\"auto, (max-width: 683px) 100vw, 683px\" \/><\/figure>\n\n\n","protected":false},"excerpt":{"rendered":"<p>Ecobot Gea je pametno digitalno rje\u0161enje koje je osmislio i razvio tim u\u010denika uklju\u010denih u fakultativnu nastavu informatike, u sklopu projekta \u0160kola budu\u0107nosti, s ciljem podizanja svijesti o va\u017enosti zelene budu\u0107nosti, odr\u017eivog razvoja i odgovornog kori\u0161tenja resursa. Kroz rad na Ecobotu u\u010denici su istra\u017eivali klju\u010dne izazove odr\u017eivog razvoja te osmislili bota koji korisnicima pru\u017ea informacije, [&hellip;]<\/p>\n","protected":false},"author":1,"featured_media":0,"parent":0,"menu_order":0,"comment_status":"closed","ping_status":"closed","template":"","meta":{"pagelayer_contact_templates":[],"_pagelayer_content":"","footnotes":""},"class_list":["post-37","page","type-page","status-publish","hentry"],"_links":{"self":[{"href":"https:\/\/valuing-nature.eu\/greenfuture\/wp-json\/wp\/v2\/pages\/37","targetHints":{"allow":["GET"]}}],"collection":[{"href":"https:\/\/valuing-nature.eu\/greenfuture\/wp-json\/wp\/v2\/pages"}],"about":[{"href":"https:\/\/valuing-nature.eu\/greenfuture\/wp-json\/wp\/v2\/types\/page"}],"author":[{"embeddable":true,"href":"https:\/\/valuing-nature.eu\/greenfuture\/wp-json\/wp\/v2\/users\/1"}],"replies":[{"embeddable":true,"href":"https:\/\/valuing-nature.eu\/greenfuture\/wp-json\/wp\/v2\/comments?post=37"}],"version-history":[{"count":9,"href":"https:\/\/valuing-nature.eu\/greenfuture\/wp-json\/wp\/v2\/pages\/37\/revisions"}],"predecessor-version":[{"id":226,"href":"https:\/\/valuing-nature.eu\/greenfuture\/wp-json\/wp\/v2\/pages\/37\/revisions\/226"}],"wp:attachment":[{"href":"https:\/\/valuing-nature.eu\/greenfuture\/wp-json\/wp\/v2\/media?parent=37"}],"curies":[{"name":"wp","href":"https:\/\/api.w.org\/{rel}","templated":true}]}}